{"id":1363,"date":"2024-12-27T18:18:39","date_gmt":"2024-12-27T18:18:39","guid":{"rendered":"https:\/\/cursos.cipu.org.uy\/cursos\/?post_type=product&#038;p=1363"},"modified":"2026-04-29T16:23:20","modified_gmt":"2026-04-29T16:23:20","slug":"taller-de-bolleria","status":"publish","type":"product","link":"https:\/\/cursos.cipu.org.uy\/cursos\/producto\/taller-de-bolleria\/","title":{"rendered":"13\/05 Taller de Boller\u00eda"},"content":{"rendered":"<h1><span style=\"color: #ff0000;\">TALLER DE BOLLERIA<\/span><\/h1>\n<h1>Mi\u00e9rcoles 13 y jueves 14 de mayo<\/h1>\n<h1>Duraci\u00f3n 2 d\u00edas<\/h1>\n<h1>Horario: 13:00 a 16:00 horas<\/h1>\n<h1>Contenido: MEDIALUNA DE MANTECA, CROISSANT BICOLOR, ROLL NEW YORK, PAN DE CHOCOLATE, TULIPA, CRUFFIN CON DISTINTOS RELLENOS.<\/h1>\n<h1><\/h1>\n","protected":false},"excerpt":{"rendered":"<p>TALLER DE BOLLERIA Mi\u00e9rcoles 13 y jueves 14 de mayo Duraci\u00f3n 2 d\u00edas Horario: 13:00 a 16:00 horas Contenido: MEDIALUNA DE MANTECA, CROISSANT BICOLOR, ROLL NEW YORK, PAN DE CHOCOLATE, TULIPA, CRUFFIN CON DISTINTOS RELLENOS.<\/p>\n","protected":false},"featured_media":1916,"template":"","meta":[],"_links":{"self":[{"href":"https:\/\/cursos.cipu.org.uy\/cursos\/wp-json\/wp\/v2\/product\/1363"}],"collection":[{"href":"https:\/\/cursos.cipu.org.uy\/cursos\/wp-json\/wp\/v2\/product"}],"about":[{"href":"https:\/\/cursos.cipu.org.uy\/cursos\/wp-json\/wp\/v2\/types\/product"}],"wp:featuredmedia":[{"embeddable":true,"href":"https:\/\/cursos.cipu.org.uy\/cursos\/wp-json\/wp\/v2\/media\/1916"}],"wp:attachment":[{"href":"https:\/\/cursos.cipu.org.uy\/cursos\/wp-json\/wp\/v2\/media?parent=1363"}],"curies":[{"name":"wp","href":"https:\/\/api.w.org\/{rel}","templated":true}]}}