{"id":1801,"date":"2026-01-08T21:17:42","date_gmt":"2026-01-08T21:17:42","guid":{"rendered":"https:\/\/cursos.cipu.org.uy\/cursos\/?post_type=product&#038;p=1801"},"modified":"2026-04-28T10:32:25","modified_gmt":"2026-04-28T10:32:25","slug":"09-02-taller-de-bizcochos-matutino","status":"publish","type":"product","link":"https:\/\/cursos.cipu.org.uy\/cursos\/producto\/09-02-taller-de-bizcochos-matutino\/","title":{"rendered":"20\/05 Taller de Bizcochos"},"content":{"rendered":"<div class=\"page\" title=\"Page 2\">\n<div class=\"section\">\n<div class=\"layoutArea\">\n<div class=\"column\">\n<h1 style=\"text-align: center;\"><span style=\"color: #000080;\"><strong>TALLER DE BIZCOCHOS\u00a0<\/strong><\/span><\/h1>\n<\/div>\n<\/div>\n<h2><span style=\"color: #0000ff;\">Mi\u00e9rcoles 20 y jueves 21 de mayo<\/span><\/h2>\n<h2><span style=\"color: #0000ff;\">Duraci\u00f3n 2 d\u00edas<\/span><\/h2>\n<h2><span style=\"color: #0000ff;\">Horario: 13:00 a 16:00 horas<\/span><\/h2>\n<h2><span style=\"color: #0000ff;\">Contenido: CROISSANT CRIOLLO; Pan con grasa; Galleta hojaldrada dulce; CREMA PASTELERA<\/span><\/h2>\n<div class=\"layoutArea\">\n<div class=\"column\">\n<h2><span style=\"color: #0000ff;\"><strong>Costo: $ 2200.-<\/strong><\/span><\/h2>\n<\/div>\n<\/div>\n<\/div>\n<\/div>\n","protected":false},"excerpt":{"rendered":"<p>TALLER DE BIZCOCHOS\u00a0 Mi\u00e9rcoles 20 y jueves 21 de mayo Duraci\u00f3n 2 d\u00edas Horario: 13:00 a 16:00 horas Contenido: CROISSANT CRIOLLO; Pan con grasa; Galleta hojaldrada dulce; CREMA PASTELERA Costo: $ 2200.-<\/p>\n","protected":false},"featured_media":1915,"template":"","meta":[],"_links":{"self":[{"href":"https:\/\/cursos.cipu.org.uy\/cursos\/wp-json\/wp\/v2\/product\/1801"}],"collection":[{"href":"https:\/\/cursos.cipu.org.uy\/cursos\/wp-json\/wp\/v2\/product"}],"about":[{"href":"https:\/\/cursos.cipu.org.uy\/cursos\/wp-json\/wp\/v2\/types\/product"}],"wp:featuredmedia":[{"embeddable":true,"href":"https:\/\/cursos.cipu.org.uy\/cursos\/wp-json\/wp\/v2\/media\/1915"}],"wp:attachment":[{"href":"https:\/\/cursos.cipu.org.uy\/cursos\/wp-json\/wp\/v2\/media?parent=1801"}],"curies":[{"name":"wp","href":"https:\/\/api.w.org\/{rel}","templated":true}]}}