{"id":1917,"date":"2026-04-24T13:50:12","date_gmt":"2026-04-24T13:50:12","guid":{"rendered":"https:\/\/cursos.cipu.org.uy\/cursos\/?post_type=product&#038;p=1917"},"modified":"2026-04-24T13:55:37","modified_gmt":"2026-04-24T13:55:37","slug":"27-05-taller-de-panes","status":"publish","type":"product","link":"https:\/\/cursos.cipu.org.uy\/cursos\/producto\/27-05-taller-de-panes\/","title":{"rendered":"27\/05 Taller de Panes"},"content":{"rendered":"<h1><span style=\"color: #ff0000;\">TALLER DE PANES<\/span><\/h1>\n<h1>Mi\u00e9rcoles 27 y jueves 28 de mayo<\/h1>\n<h1>Duraci\u00f3n 2 d\u00edas &#8211; 3 horas cada uno<\/h1>\n<h1>Horario: 13 a 16 horas<\/h1>\n<h1>Contenido:\u00a0 Pan Integral, Franc\u00e9s, Masa Viena, Hamburguesas, Catal\u00e1n,<\/h1>\n<h1>Costo: $ 2.200.-<\/h1>\n","protected":false},"excerpt":{"rendered":"<p>TALLER DE PANES Mi\u00e9rcoles 27 y jueves 28 de mayo Duraci\u00f3n 2 d\u00edas &#8211; 3 horas cada uno Horario: 13 a 16 horas Contenido:\u00a0 Pan Integral, Franc\u00e9s, Masa Viena, Hamburguesas, Catal\u00e1n, Costo: $ 2.200.-<\/p>\n","protected":false},"featured_media":1918,"template":"","meta":[],"_links":{"self":[{"href":"https:\/\/cursos.cipu.org.uy\/cursos\/wp-json\/wp\/v2\/product\/1917"}],"collection":[{"href":"https:\/\/cursos.cipu.org.uy\/cursos\/wp-json\/wp\/v2\/product"}],"about":[{"href":"https:\/\/cursos.cipu.org.uy\/cursos\/wp-json\/wp\/v2\/types\/product"}],"wp:featuredmedia":[{"embeddable":true,"href":"https:\/\/cursos.cipu.org.uy\/cursos\/wp-json\/wp\/v2\/media\/1918"}],"wp:attachment":[{"href":"https:\/\/cursos.cipu.org.uy\/cursos\/wp-json\/wp\/v2\/media?parent=1917"}],"curies":[{"name":"wp","href":"https:\/\/api.w.org\/{rel}","templated":true}]}}